{"id":2023,"date":"2022-03-03T18:19:01","date_gmt":"2022-03-03T17:19:01","guid":{"rendered":"https:\/\/permontaza.rs\/?page_id=2023"},"modified":"2022-03-03T18:20:14","modified_gmt":"2022-03-03T17:20:14","slug":"die-arbeit","status":"publish","type":"page","link":"https:\/\/permontaza.rs\/de\/die-arbeit\/","title":{"rendered":"die Arbeit"},"content":{"rendered":"\t\t<div data-elementor-type=\"wp-page\" data-elementor-id=\"2023\" class=\"elementor elementor-2023 elementor-1727\">\n\t\t\t\t\t\t<section class=\"elementor-section elementor-top-section elementor-element elementor-element-714c5a0 elementor-section-full_width elementor-section-height-default elementor-section-height-default qodef-elementor-content-no\" data-id=\"714c5a0\" data-element_type=\"section\">\n\t\t\t\t\t\t<div class=\"elementor-container elementor-column-gap-no\">\n\t\t\t\t\t<div class=\"elementor-column elementor-col-50 elementor-top-column elementor-element elementor-element-0017df7\" data-id=\"0017df7\" data-element_type=\"column\">\n\t\t\t<div class=\"elementor-widget-wrap elementor-element-populated\">\n\t\t\t\t\t\t<div class=\"elementor-element elementor-element-759035c elementor-widget elementor-widget-qi_addons_for_elementor_section_title\" data-id=\"759035c\" data-element_type=\"widget\" data-widget_type=\"qi_addons_for_elementor_section_title.default\">\n\t\t\t\t<div class=\"elementor-widget-container\">\n\t\t\t\t\t<div class=\"qodef-shortcode qodef-m qodef-qi-section-title qodef-decoration--italic qodef-link--underline-draw qodef-subtitle-icon--left\">\n\t\t\t\t<h6 class=\"qodef-m-subtitle\">\n\t\tSuchen Sie einen\t\t\t<\/h6>\n\t\t\t<h2 class=\"qodef-m-title\">\n\t\t Job?\t<\/h2>\n\t\t\t<div class=\"qodef-m-text\"><p>Wir besch\u00e4ftigen Arbeiter in der Baubranche mit mindestens 2 Jahren Berufserfahrung. Senden Sie uns Ihre Qualifikationen, Zeugnisse, Referenzen und wir pr\u00fcfen gerne Ihre Bewerbung.<\/p><\/div>\n\t<\/div>\n\t\t\t\t<\/div>\n\t\t\t\t<\/div>\n\t\t\t\t\t<\/div>\n\t\t<\/div>\n\t\t\t\t<div class=\"elementor-column elementor-col-50 elementor-top-column elementor-element elementor-element-ba364ad\" data-id=\"ba364ad\" data-element_type=\"column\">\n\t\t\t<div class=\"elementor-widget-wrap\">\n\t\t\t\t\t\t\t<\/div>\n\t\t<\/div>\n\t\t\t\t\t<\/div>\n\t\t<\/section>\n\t\t\t\t<section class=\"elementor-section elementor-top-section elementor-element elementor-element-8941216 elementor-section-full_width elementor-section-height-default elementor-section-height-default qodef-elementor-content-no\" data-id=\"8941216\" data-element_type=\"section\">\n\t\t\t\t\t\t<div class=\"elementor-container elementor-column-gap-no\">\n\t\t\t\t\t<div class=\"elementor-column elementor-col-50 elementor-top-column elementor-element elementor-element-de1b4d0\" data-id=\"de1b4d0\" data-element_type=\"column\">\n\t\t\t<div class=\"elementor-widget-wrap elementor-element-populated\">\n\t\t\t\t\t\t<div class=\"elementor-element elementor-element-145c984 elementor-widget elementor-widget-qi_addons_for_elementor_contact_form_7\" data-id=\"145c984\" data-element_type=\"widget\" data-widget_type=\"qi_addons_for_elementor_contact_form_7.default\">\n\t\t\t\t<div class=\"elementor-widget-container\">\n\t\t\t\t\t<div class=\"qodef-shortcode qodef-m qodef-qi-contact-form-7\">\n\t\n<div class=\"wpcf7 no-js\" id=\"wpcf7-f2017-o1\" lang=\"sr-RS\" dir=\"ltr\" data-wpcf7-id=\"2017\">\n<div class=\"screen-reader-response\"><p role=\"status\" aria-live=\"polite\" aria-atomic=\"true\"><\/p> <ul><\/ul><\/div>\n<form action=\"\/de\/wp-json\/wp\/v2\/pages\/2023#wpcf7-f2017-o1\" method=\"post\" class=\"wpcf7-form init\" aria-label=\"Contact form\" enctype=\"multipart\/form-data\" novalidate=\"novalidate\" data-status=\"init\">\n<fieldset class=\"hidden-fields-container\"><input type=\"hidden\" name=\"_wpcf7\" value=\"2017\" \/><input type=\"hidden\" name=\"_wpcf7_version\" value=\"6.1.1\" \/><input type=\"hidden\" name=\"_wpcf7_locale\" value=\"sr_RS\" \/><input type=\"hidden\" name=\"_wpcf7_unit_tag\" value=\"wpcf7-f2017-o1\" \/><input type=\"hidden\" name=\"_wpcf7_container_post\" value=\"0\" \/><input type=\"hidden\" name=\"_wpcf7_posted_data_hash\" value=\"\" \/>\n<\/fieldset>\n<span class=\"wpcf7-form-control-wrap\" data-name=\"your-name\"><input size=\"40\" maxlength=\"400\" class=\"wpcf7-form-control wpcf7-text wpcf7-validates-as-required\" aria-required=\"true\" aria-invalid=\"false\" placeholder=\"Name und Nachname *\" value=\"\" type=\"text\" name=\"your-name\" \/><\/span>\n<span class=\"wpcf7-form-control-wrap\" data-name=\"telefon\"><input size=\"40\" maxlength=\"400\" class=\"wpcf7-form-control wpcf7-tel wpcf7-validates-as-required wpcf7-text wpcf7-validates-as-tel\" aria-required=\"true\" aria-invalid=\"false\" placeholder=\"Telefonnummer *\" value=\"\" type=\"tel\" name=\"telefon\" \/><\/span>\n<span class=\"wpcf7-form-control-wrap\" data-name=\"your-email\"><input size=\"40\" maxlength=\"400\" class=\"wpcf7-form-control wpcf7-email wpcf7-validates-as-required wpcf7-text wpcf7-validates-as-email\" aria-required=\"true\" aria-invalid=\"false\" placeholder=\"Email *\" value=\"\" type=\"email\" name=\"your-email\" \/><\/span>\n<label> Curriculum vitae\n<span class=\"wpcf7-form-control-wrap\" data-name=\"your-file\"><input size=\"40\" class=\"wpcf7-form-control wpcf7-file\" accept=\".jpg,.jpeg,.png,.pdf,.doc,.docx\" aria-invalid=\"false\" type=\"file\" name=\"your-file\" \/><\/span> <p class=\"pmt-info\">Erlaubte Dateitypen: jpg, jpeg, png, pdf, doc i docx (max. Gr\u00f6\u00dfe 24MB).<\/p><\/label>\n\n<input class=\"wpcf7-form-control wpcf7-submit has-spinner\" type=\"submit\" value=\"Senden\" \/><div class=\"wpcf7-response-output\" aria-hidden=\"true\"><\/div>\n<\/form>\n<\/div>\n<\/div>\n\t\t\t\t<\/div>\n\t\t\t\t<\/div>\n\t\t\t\t\t<\/div>\n\t\t<\/div>\n\t\t\t\t<div class=\"elementor-column elementor-col-50 elementor-top-column elementor-element elementor-element-a0a7c52\" data-id=\"a0a7c52\" data-element_type=\"column\">\n\t\t\t<div class=\"elementor-widget-wrap\">\n\t\t\t\t\t\t\t<\/div>\n\t\t<\/div>\n\t\t\t\t\t<\/div>\n\t\t<\/section>\n\t\t\t\t<\/div>\n\t\t","protected":false},"excerpt":{"rendered":"<p>Suchen Sie einen Job? Wir besch\u00e4ftigen Arbeiter in der Baubranche mit mindestens 2 Jahren Berufserfahrung. Senden Sie uns Ihre Qualifikationen, Zeugnisse, Referenzen und wir pr\u00fcfen gerne Ihre Bewerbung. Curriculum vitae Erlaubte Dateitypen: jpg, jpeg, png, pdf, doc i docx (max. Gr\u00f6\u00dfe 24MB).<\/p>\n","protected":false},"author":1,"featured_media":0,"parent":0,"menu_order":0,"comment_status":"closed","ping_status":"closed","template":"","meta":{"footnotes":""},"class_list":["post-2023","page","type-page","status-publish","hentry"],"yoast_head":"<!-- This site is optimized with the Yoast SEO plugin v25.7 - https:\/\/yoast.com\/wordpress\/plugins\/seo\/ -->\n<title>die Arbeit - PER monta\u017ea<\/title>\n<meta name=\"robots\" content=\"index, follow, max-snippet:-1, max-image-preview:large, max-video-preview:-1\" \/>\n<link rel=\"canonical\" href=\"https:\/\/permontaza.rs\/de\/die-arbeit\/\" \/>\n<meta property=\"og:locale\" content=\"de_DE\" \/>\n<meta property=\"og:type\" content=\"article\" \/>\n<meta property=\"og:title\" content=\"die Arbeit - PER monta\u017ea\" \/>\n<meta property=\"og:description\" content=\"Suchen Sie einen Job? Wir besch\u00e4ftigen Arbeiter in der Baubranche mit mindestens 2 Jahren Berufserfahrung. Senden Sie uns Ihre Qualifikationen, Zeugnisse, Referenzen und wir pr\u00fcfen gerne Ihre Bewerbung. Curriculum vitae Erlaubte Dateitypen: jpg, jpeg, png, pdf, doc i docx (max. Gr\u00f6\u00dfe 24MB).\" \/>\n<meta property=\"og:url\" content=\"https:\/\/permontaza.rs\/de\/die-arbeit\/\" \/>\n<meta property=\"og:site_name\" content=\"PER monta\u017ea\" \/>\n<meta property=\"article:modified_time\" content=\"2022-03-03T17:20:14+00:00\" \/>\n<meta name=\"twitter:card\" content=\"summary_large_image\" \/>\n<script type=\"application\/ld+json\" class=\"yoast-schema-graph\">{\"@context\":\"https:\/\/schema.org\",\"@graph\":[{\"@type\":\"WebPage\",\"@id\":\"https:\/\/permontaza.rs\/de\/die-arbeit\/\",\"url\":\"https:\/\/permontaza.rs\/de\/die-arbeit\/\",\"name\":\"die Arbeit - PER monta\u017ea\",\"isPartOf\":{\"@id\":\"https:\/\/permontaza.rs\/#website\"},\"datePublished\":\"2022-03-03T17:19:01+00:00\",\"dateModified\":\"2022-03-03T17:20:14+00:00\",\"breadcrumb\":{\"@id\":\"https:\/\/permontaza.rs\/de\/die-arbeit\/#breadcrumb\"},\"inLanguage\":\"de\",\"potentialAction\":[{\"@type\":\"ReadAction\",\"target\":[\"https:\/\/permontaza.rs\/de\/die-arbeit\/\"]}]},{\"@type\":\"BreadcrumbList\",\"@id\":\"https:\/\/permontaza.rs\/de\/die-arbeit\/#breadcrumb\",\"itemListElement\":[{\"@type\":\"ListItem\",\"position\":1,\"name\":\"\u041f\u043e\u0447\u0435\u0442\u043d\u0430\",\"item\":\"https:\/\/permontaza.rs\/de\/\"},{\"@type\":\"ListItem\",\"position\":2,\"name\":\"die Arbeit\"}]},{\"@type\":\"WebSite\",\"@id\":\"https:\/\/permontaza.rs\/#website\",\"url\":\"https:\/\/permontaza.rs\/\",\"name\":\"PER monta\u017ea\",\"description\":\"Heute bauen wir eine bessere Zukunft.\",\"potentialAction\":[{\"@type\":\"SearchAction\",\"target\":{\"@type\":\"EntryPoint\",\"urlTemplate\":\"https:\/\/permontaza.rs\/?s={search_term_string}\"},\"query-input\":{\"@type\":\"PropertyValueSpecification\",\"valueRequired\":true,\"valueName\":\"search_term_string\"}}],\"inLanguage\":\"de\"}]}<\/script>\n<!-- \/ Yoast SEO plugin. -->","yoast_head_json":{"title":"die Arbeit - PER monta\u017ea","robots":{"index":"index","follow":"follow","max-snippet":"max-snippet:-1","max-image-preview":"max-image-preview:large","max-video-preview":"max-video-preview:-1"},"canonical":"https:\/\/permontaza.rs\/de\/die-arbeit\/","og_locale":"de_DE","og_type":"article","og_title":"die Arbeit - PER monta\u017ea","og_description":"Suchen Sie einen Job? Wir besch\u00e4ftigen Arbeiter in der Baubranche mit mindestens 2 Jahren Berufserfahrung. Senden Sie uns Ihre Qualifikationen, Zeugnisse, Referenzen und wir pr\u00fcfen gerne Ihre Bewerbung. Curriculum vitae Erlaubte Dateitypen: jpg, jpeg, png, pdf, doc i docx (max. Gr\u00f6\u00dfe 24MB).","og_url":"https:\/\/permontaza.rs\/de\/die-arbeit\/","og_site_name":"PER monta\u017ea","article_modified_time":"2022-03-03T17:20:14+00:00","twitter_card":"summary_large_image","schema":{"@context":"https:\/\/schema.org","@graph":[{"@type":"WebPage","@id":"https:\/\/permontaza.rs\/de\/die-arbeit\/","url":"https:\/\/permontaza.rs\/de\/die-arbeit\/","name":"die Arbeit - PER monta\u017ea","isPartOf":{"@id":"https:\/\/permontaza.rs\/#website"},"datePublished":"2022-03-03T17:19:01+00:00","dateModified":"2022-03-03T17:20:14+00:00","breadcrumb":{"@id":"https:\/\/permontaza.rs\/de\/die-arbeit\/#breadcrumb"},"inLanguage":"de","potentialAction":[{"@type":"ReadAction","target":["https:\/\/permontaza.rs\/de\/die-arbeit\/"]}]},{"@type":"BreadcrumbList","@id":"https:\/\/permontaza.rs\/de\/die-arbeit\/#breadcrumb","itemListElement":[{"@type":"ListItem","position":1,"name":"\u041f\u043e\u0447\u0435\u0442\u043d\u0430","item":"https:\/\/permontaza.rs\/de\/"},{"@type":"ListItem","position":2,"name":"die Arbeit"}]},{"@type":"WebSite","@id":"https:\/\/permontaza.rs\/#website","url":"https:\/\/permontaza.rs\/","name":"PER monta\u017ea","description":"Heute bauen wir eine bessere Zukunft.","potentialAction":[{"@type":"SearchAction","target":{"@type":"EntryPoint","urlTemplate":"https:\/\/permontaza.rs\/?s={search_term_string}"},"query-input":{"@type":"PropertyValueSpecification","valueRequired":true,"valueName":"search_term_string"}}],"inLanguage":"de"}]}},"_links":{"self":[{"href":"https:\/\/permontaza.rs\/de\/wp-json\/wp\/v2\/pages\/2023","targetHints":{"allow":["GET"]}}],"collection":[{"href":"https:\/\/permontaza.rs\/de\/wp-json\/wp\/v2\/pages"}],"about":[{"href":"https:\/\/permontaza.rs\/de\/wp-json\/wp\/v2\/types\/page"}],"author":[{"embeddable":true,"href":"https:\/\/permontaza.rs\/de\/wp-json\/wp\/v2\/users\/1"}],"replies":[{"embeddable":true,"href":"https:\/\/permontaza.rs\/de\/wp-json\/wp\/v2\/comments?post=2023"}],"version-history":[{"count":3,"href":"https:\/\/permontaza.rs\/de\/wp-json\/wp\/v2\/pages\/2023\/revisions"}],"predecessor-version":[{"id":2026,"href":"https:\/\/permontaza.rs\/de\/wp-json\/wp\/v2\/pages\/2023\/revisions\/2026"}],"wp:attachment":[{"href":"https:\/\/permontaza.rs\/de\/wp-json\/wp\/v2\/media?parent=2023"}],"curies":[{"name":"wp","href":"https:\/\/api.w.org\/{rel}","templated":true}]}}